{"id":9004,"date":"2022-10-13T13:08:11","date_gmt":"2022-10-13T13:08:11","guid":{"rendered":"https:\/\/cryptogamblers.com\/?page_id=9004"},"modified":"2023-05-12T14:36:36","modified_gmt":"2023-05-12T14:36:36","slug":"kryptolompakot","status":"publish","type":"page","link":"https:\/\/cryptogamblers.com\/fi\/kryptolompakot\/","title":{"rendered":"Parhaat kryptolompakot suomalaisille kasinopelaajille"},"content":{"rendered":"<p>Kryptovaluutan s\u00e4ilytt\u00e4mist\u00e4 varten tarvitaan tietenkin s\u00e4ilytyspaikka, eli niin sanottu kryptolompakko. Niiss\u00e4 on valtavasti vaihtoehtoja, jotka voivat erota eri ominaisuuksiltaan toisistaan, ja siksi monella aloittelevalla pelaajalla voi menn\u00e4 sormi suuhun, kun pit\u00e4isi hankkia kryptoja ensimm\u00e4ist\u00e4 kertaa. T\u00e4m\u00e4 kattava opas kertoo kryptolompakoista sek\u00e4 etenkin siit\u00e4, millaiset kryptolompakot sopivat suomalaisille kasinopelaajille.<\/p>\n","protected":false},"excerpt":{"rendered":"<p>Kryptovaluutan s\u00e4ilytt\u00e4mist\u00e4 varten tarvitaan tietenkin s\u00e4ilytyspaikka, eli niin sanottu kryptolompakko. Niiss\u00e4 on valtavasti vaihtoehtoja, jotka voivat erota eri ominaisuuksiltaan toisistaan, ja siksi monella aloittelevalla pelaajalla voi menn\u00e4 sormi suuhun, kun pit\u00e4isi hankkia kryptoja ensimm\u00e4ist\u00e4 kertaa. T\u00e4m\u00e4 kattava opas kertoo kryptolompakoista sek\u00e4 etenkin siit\u00e4, millaiset kryptolompakot sopivat suomalaisille kasinopelaajille.<\/p>\n","protected":false},"author":48,"featured_media":10924,"parent":0,"menu_order":0,"comment_status":"closed","ping_status":"closed","template":"","meta":{"_acf_changed":false,"footnotes":""},"class_list":["post-9004","page","type-page","status-publish","has-post-thumbnail","hentry"],"acf":{"main_content":[{"acf_fc_layout":"top_list_table","anchor_tag":"Nettikasinot joissa on kryptolompakot","dyn_pop_test":"archive_autogenerated","dyn_pop_oneliners":"oneliner","choose_layout":"vertical","top_list_count":10,"headline_text":"<h2>Nettikasinot joissa on kryptolompakot<\/h2>","anable_background":"no","anable_logos":"yes"},{"acf_fc_layout":"content_section_3","anchor_tag":"Mit\u00e4 kryptolompakot ovat?","choose_bg":"light","headline":"Mit\u00e4 kryptolompakot ovat?","headline_text":"<img class=\"alignright wp-image-4180 size-medium\" src=\"https:\/\/cryptogamblers.com\/wp-content\/uploads\/2022\/07\/Binance-crypto-wallet-e1665664560609-300x203.jpg\" alt=\"Binance crypto wallet\" width=\"300\" height=\"203\" \/>Kryptolompakot ovat virtuaalisia, mutta joskus my\u00f6s fyysisi\u00e4, s\u00e4ilytyspaikkoja omalle virtuaalivaluutalle. Ne voivat toimia eri tavoin ja tarjota eri ominaisuuksia lompakosta riippuen.\r\n\r\nEri kryptolompakkotyypit ja -palvelut voivat erota toisistaan esimerkiksi tuettujen valuuttojen, nopeuden, helppok\u00e4ytt\u00f6isyyden, hinnan ja jopa turvallisuuden suhteen. On siis t\u00e4rke\u00e4\u00e4 valita itselleen sopiva lompakko.\r\n\r\nKuinka n\u00e4m\u00e4 lompakot sitten toimivat? Kryptolompakon luonnin yhteydess\u00e4 lompakon uusi omistaja saa kaksi s\u00e4hk\u00f6ist\u00e4 avainta; privaattiavaimen ja julkisen avaimen. Ne ovat usein kirjaimista ja numeroista koostuvia sarjoja. Julkinen avain kertoo kryptolompakon osoitteen ja privaattiavaimella todistetaan kryptolompakon omistajuus. Julkinen avain voidaan siis jakaa kenen kanssa vain, mutta privaattiavainta on s\u00e4ilytett\u00e4v\u00e4 itsell\u00e4\u00e4n.\r\n\r\nKryptolompakoiden tai kryptoteknologian ymm\u00e4rt\u00e4minen voi olla etenkin aloittelijoille hankalaa, mutta aloittelijoiden ei tarvitsekaan tiet\u00e4\u00e4 kaikkia teknisi\u00e4 yksityiskohtia \u2013 kunhan he vain osaavat k\u00e4ytt\u00e4\u00e4 kryptovaluuttoja ja kryptolompakoita turvallisesti. Perusasiat kannattaa siis opetella, jotta tiet\u00e4\u00e4 kuinka turvalliset kryptolompakot toimivat.","text_area":"","text_area_2":""},{"acf_fc_layout":"content_section","anchor_tag":"Tunnista parhaat kryptolompakot","headline_text":"<h2>Tunnista parhaat kryptolompakot<\/h2>\r\nKryptovaluuttoja on jo tuhansittain, joka tarkoittaa, ett\u00e4 my\u00f6s kryptolompakkopalveluita on valtava m\u00e4\u00e4r\u00e4. Siit\u00e4 syyst\u00e4 vastaan voi tulla my\u00f6s huonoja vaihtoehtoja. On siis t\u00e4rke\u00e4\u00e4 valita lompakko oikein ennen kaikkea turvallisuuden kannalta, mutta my\u00f6s siksi, ett\u00e4 sen muut ominaisuudet sopivat juuri omiin tarpeisiin. Kuinka sitten tunnistat parhaat kryptolompakot? Ota huomioon seuraavat asiat:","choose_side":"left","text_area":"<ul>\r\n \t<li><strong>Turvallisuus:\u00a0<\/strong>tarkasta palvelun ominaisuudet, taustat ja etenkin p\u00f6rssisivustolla valuuttoja s\u00e4ilytt\u00e4ess\u00e4 sivuston yleisen turvallisuuden taso.<\/li>\r\n \t<li><strong>Lis\u00e4toiminnot:\u00a0<\/strong>vertaile lis\u00e4toimintoja ja valitse itse\u00e4si kiinnostavimmat. Niihin voi kuulua esimerkiksi erilaisia lis\u00e4turvatoimintoja tai sijoitusten arviointiin liittyvi\u00e4 aputy\u00f6kaluja.<\/li>\r\n \t<li><strong>Kasinopelaajille sopivuus:<\/strong>\u00a0etenkin offline-lompakot ovat hyvin ep\u00e4k\u00e4yt\u00e4nn\u00f6llisi\u00e4 kasinoilla tallettamiseen. Ne sopivat parhaiten pitk\u00e4aikaiseen s\u00e4ilytykseen. Online-lompakot sopivat parhaiten tallettamiseen ja niihin on v\u00e4lit\u00f6n p\u00e4\u00e4sy.<\/li>\r\n \t<li><strong>Tuetut valuutat:\u00a0<\/strong>valitse omaa valuuttaasi tukeva lompakko. Mik\u00e4li k\u00e4yt\u00e4t useita kryptovaluuttoja, on vaihtoehtona my\u00f6s useita eri valuuttoja tukevia lompakkoja.<\/li>\r\n \t<li><strong>Helppok\u00e4ytt\u00f6isyys:\u00a0<\/strong>valitse lompakko, jonka k\u00e4ytett\u00e4vyys sopii omaan makuusi. Mobiili- ja muut online-lompakot ovat usein helpoimpia vaihtoehtoja.<\/li>\r\n \t<li><strong>Suomenkielisyys:\u00a0<\/strong>aloittelijoiden tai niiden, joiden kielitaito ei ole kovin hyv\u00e4, kannattaa usein aloittaa suomenkielisist\u00e4 palveluista. Suosittelemmekin edemp\u00e4n\u00e4 suomalaisia ja suomenkielisi\u00e4 kryptolompakoita.<\/li>\r\n \t<li><strong>Omalle laitteelle sopivuus:<\/strong>\u00a0lompakko kannattaa valita oman laitteen mukaan saadakseen parhaimman k\u00e4ytt\u00f6kokemuksen. Osa lompakoista on my\u00f6s k\u00e4ytett\u00e4viss\u00e4 vain tietyill\u00e4 laitteilla.<\/li>\r\n<\/ul>","photo":11043},{"acf_fc_layout":"licenses_and_regulation_section","anchor_tag":"Erilaiset lompakot kryptovaluutalle\u00a0","choose_bg":"light","headline_text":"<h2>Erilaiset lompakot kryptovaluutalle<\/h2>\r\nKryptolompakot voidaan jakaa karkeasti muutamaan erilaiseen lompakkotyyppiin. Niill\u00e4 voi olla hyvinkin erilaisia ominaisuuksia ja kaikki niist\u00e4 eiv\u00e4t my\u00f6sk\u00e4\u00e4n sovi kasinopelaajille yht\u00e4 hyvin kuin toiset. Tutustu seuraavaksi erilaisiin kryptolompakkotyyppeihin.","licenses":[{"headline":"Online-lompakot ","logo":11033,"text_area":"Online-lompakot ovat yleisi\u00e4 lompakkoja kasinopelaajien keskuudessa. Ne ovat yleens\u00e4 my\u00f6s paras ratkaisu aloittelijoille. Online-lompakon avaaminen onnistuu yleens\u00e4 minuuteissa, jonka j\u00e4lkeen voit tallettaa sinne rahaa ja aloittaa vaikka heti kasinoilla pelaamisen.\r\n\r\nKryptolompakko voi olla aivan erillinen lompakkopalvelunsa, mutta moni online-lompakko-palvelu tarjoaa asiakkailleen my\u00f6s vaihtoehdon p\u00f6rssitiliin, jolloin saat kaksi palvelua k\u00e4tev\u00e4sti samalla kertaa.\r\n\r\nN\u00e4iden online-lompakoiden ja etenkin p\u00f6rssi- ja kauppasivustojen riskeihin kuuluvat esimerkiksi hakkeroinnit, virukset ja palvelunestohy\u00f6kk\u00e4ykset. Kannattaakin muistaa etenkin p\u00f6rssisivustojen suhteen, ett\u00e4 niiden lompakkojen tietoturvan taso yht\u00e4 korkea, kuin on palvelun yleinen turvallisuustaso. Monet palvelut tarjoavat kuitenkin erilaisia lis\u00e4turvatoimintoja, kuten vaikkapa kaksivaiheiset vahvistuksen.\r\n\r\nMoni kuitenkin siirt\u00e4\u00e4 valuuttansa pidempiaikaiseen s\u00e4ilytykseen varsinaiselta kauppasivustolta erilliseen kryptolompakkoon. Eri kauppasivustojen k\u00e4ytt\u00e4jien suuri lukum\u00e4\u00e4r\u00e4 ja hyv\u00e4 n\u00e4kyvyys tekev\u00e4t niist\u00e4 nimitt\u00e4in otollisia kohteita tietomurroille, joita on ollut liikkeell\u00e4 viime vuosina t\u00e4llaisilla sivustoilla."},{"headline":"Hardware-lompakot ","logo":11039,"text_area":"Hardware-lompakko on erityisen turvallinen lompakko, joka sopii etenkin suurten summien s\u00e4ilytykseen. T\u00e4ss\u00e4 offline-lompakossa k\u00e4ytt\u00e4j\u00e4n privaattiavaimia s\u00e4ilytet\u00e4\u00e4n ulkoisella tallennusasemalla. Lompakkona toimii siis usb-tikkua muistuttava laite, joka kytket\u00e4\u00e4n tietokoneeseen lompakkoa k\u00e4ytt\u00e4ess\u00e4 ja kun siirrot on tehty, se otetaan j\u00e4lleen irti koneesta, jolloin se ei ole yhteydess\u00e4 nettiin eik\u00e4 siten hakkereiden ulottuvilla.\r\n\r\nT\u00e4m\u00e4 lompakkotyyppi on ehk\u00e4p\u00e4 turvallisin tapa omien kryptovaluuttojen s\u00e4ilytt\u00e4miseen. Historiassa ei my\u00f6sk\u00e4\u00e4n tunneta yht\u00e4\u00e4n vahvistettua tapausta, jossa lompakon k\u00e4ytt\u00e4j\u00e4n privaattiavaimet olisi varastettu ulkoiselta tallennusasemalta.\r\n\r\nN\u00e4m\u00e4 kryptolompakot ovat kuitenkin kalleimpiin kuuluvia vaihtoehtoja, sill\u00e4 ne maksavat usein yli 100 euroa. Ne eiv\u00e4t my\u00f6sk\u00e4\u00e4n ole kovin k\u00e4yt\u00e4nn\u00f6llisi\u00e4 tai nopeita kasinoille tallettamisen kannalta. Pieni\u00e4 summia s\u00e4ilytt\u00e4v\u00e4 tai tallettava pelaaja ei useinkaan tarvitse n\u00e4in kallista ja monimutkaista lompakkoa sen turvallisuudesta huolimatta."},{"headline":"Paperilompakot ","logo":8433,"text_area":"Monen voi olla vaikeaa kuvitella, ett\u00e4 virtuaalivaluuttaa voisi s\u00e4ilytt\u00e4\u00e4 paperilompakossa. Sit\u00e4 kuitenkin voi ja se on varsin turvallinen s\u00e4ilytystapa. Paperikryptolompakko on fyysinen dokumentti, joka voidaan luoda erilaisten palveluiden avulla. Se sis\u00e4lt\u00e4\u00e4 tiedot niin julkisesta avaimesta kuin privaattiavaimestakin. N\u00e4m\u00e4 lompakot tulostetaan usein QR-koodeja hy\u00f6dynt\u00e4en.\r\n\r\nT\u00e4m\u00e4 lompakko on hardware-lompakon tavoin turvassa hakkereilta, sill\u00e4 paperi ei tietenk\u00e4\u00e4n ole yhteydess\u00e4 nettiin. T\u00e4m\u00e4 lompakko ei kuitenkaan ole k\u00e4yt\u00e4nn\u00f6llinen kasinopelaajien ja vain pienehk\u00f6j\u00e4 summia s\u00e4ilytt\u00e4vien kannalta. Sen avulla maksaminen on ensinn\u00e4kin hidasta ja lis\u00e4ksi sen k\u00e4ytt\u00e4minen on melko monimutkaista, joten se ei ole parhaimpia vaihtoehtoja aloittelijoille."},{"headline":"Mobiililompakot ","logo":8409,"text_area":"Mobiililompakot ovat kryptolompakkoja, jotka on luotu mobiililaitteille. Ne voivat tarjota esimerkiksi ladattavan mobiilisovelluksen, joka on erityisen k\u00e4tev\u00e4 esimerkiksi \u00e4lypuhelimella tallettaessa kasinolle. Mobiililompakot tallentavat privaattiavaimet itse puhelimeen.\r\n\r\nMobiililompakoilla voi siirt\u00e4\u00e4 rahaa my\u00f6s QR-koodeja skannaamalla ilman pitkien rivien kirjoittamista. N\u00e4m\u00e4 kryptolompakot ovat kuitenkin my\u00f6s mieluinen kohde hakkereille. Varsinkin avointen verkkojen k\u00e4ytt\u00f6 altistaa sille jopa huomaamattomasti. Mobiililompakot sopivat kuitenkin loistavasti vaikkapa pienehk\u00f6jen summien s\u00e4il\u00f6miseen ja kasinoille tallettamiseen."},{"headline":"Desktop-lompakot ","logo":11030,"text_area":"Desktop-lompakot ovat nettiyhteydess\u00e4 olevia lompakkoja. Ne ovat kuitenkin my\u00f6s netin kautta toimiviin p\u00f6rsseihin ja online-lompakoihin verrattuna hieman turvallisempi lompakkotyyppi.\r\n\r\nDesktop-lompakot toimivat omalle koneelle ladattavan ohjelmiston kautta. Niiden omistajuuden todistamiseen k\u00e4ytett\u00e4v\u00e4 privaattiavain ei ole mink\u00e4\u00e4n kolmannen osapuolen hallussa, vaan se on tallennettu omistajan omalle tietokoneelle."}]},{"acf_fc_layout":"table_component","anchor_tag":"Parhaat kryptolompakot suomalaisille\u00a0","headline_text":"<h2>Parhaat kryptolompakot suomalaisille<\/h2>\r\nSuomalaisille sopivat monet niin suomalaisille suunnatut kuin kansainv\u00e4lisetkin kryptolompakot. Kannattaakin vertailla monia lompakkoja ja valita ominaisuuksiltaan itselle sopivin. Suomessa suosittuja lompakkoja ovat etenkin Coinmotion, Coinbase ja Northcrypto. Voit vertailla niit\u00e4 k\u00e4tev\u00e4sti seuraavan taulukon avulla.","table_data":{"acftf":{"v":"1.3.16"},"p":{"o":{"uh":1},"ca":""},"c":[{"p":""},{"p":""},{"p":""},{"p":""}],"h":[{"c":""},{"c":"Coinmotion "},{"c":"Coinbase "},{"c":"Northcrypto "}],"b":[[{"c":"Suomenkielinen "},{"c":"Kyll\u00e4 "},{"c":"Ei "},{"c":"Kyll\u00e4 "}],[{"c":"Suomalainen "},{"c":"Kyll\u00e4 "},{"c":"Ei "},{"c":"Kyll\u00e4 "}],[{"c":"Helppok\u00e4ytt\u00f6isyys ja yksinkertaisuus "},{"c":"5\/5 "},{"c":"4\/5 "},{"c":"5\/5 "}],[{"c":"Sopii aloittelijoille "},{"c":"Kyll\u00e4 "},{"c":"Kyll\u00e4 "},{"c":"Kyll\u00e4 "}]]},"text_area":"Coinmotion, Coinbase ja Northcrypto ovat siis kaikki aloittelijoille sopivia online-lompakkoja ja kauppasivustoja, jotka tarjoavat my\u00f6s erilaisia neuvoja ja oppaita k\u00e4ytt\u00e4jilleen.\r\n\r\nN\u00e4iden lis\u00e4ksi markkinoilla on monia muitakin suomalaisille sopivia vaihtoehtoja kryptojen ostamiseen ja s\u00e4ilytt\u00e4miseen. Kaikki kolme edell\u00e4 mainittua lompakkoa sopivatkin kuitenkin loistavasti suomalaisten kasinopelaajien ensimm\u00e4iseksi lompakoksi \u2013 tosin Coinbase vain siin\u00e4 tapauksessa, ett\u00e4 sivuston englanninkielisyys ei haittaa. Voit avata sivustoille tilin nopeasti, tallettaa euroja eri maksutapoja k\u00e4ytt\u00e4en ja vaihtaa euroja kryptovaluuttaan. Kryptovaluutat voi s\u00e4ilytt\u00e4\u00e4 omalla tilill\u00e4\u00e4n kryptolompakon tapaan."},{"acf_fc_layout":"content_section","anchor_tag":"Kryptolompakosta tallettaminen kasinolle ","headline_text":"<h2>Kryptolompakosta tallettaminen kasinolle<\/h2>\r\nKun kryptolompakko on hankittu ja sinne on siirretty kryptovaluuttaa, on kasinolla maksaminen eritt\u00e4in yksinkertaista.","choose_side":"left","text_area":"<h3>Se tapahtuu seuraavaan tapaan:<\/h3>\r\n<ol>\r\n \t<li>Avaa tili kasinolle tai pikakasinon tapauksessa tunnistaudu verkkopankin kautta.<\/li>\r\n \t<li>Siirry talletussivulle.<\/li>\r\n \t<li>Valitse talletussumma ja k\u00e4ytt\u00e4m\u00e4si kryptovaluutta maksutavaksi.<\/li>\r\n \t<li>L\u00e4het\u00e4 summa lompakostasi kasinon seuraavaksi sinulle antamaan osoitteeseen.<\/li>\r\n \t<li>Talletus on perill\u00e4 nopeasti ja voit aloittaa pelaamiseen.<\/li>\r\n<\/ol>\r\nKryptotalletukset tapahtuvat siis osoitteen avulla. Sen oikein kirjoittaminen on t\u00e4rke\u00e4\u00e4, sill\u00e4 muuten rahat saattavat kadota ikuisiksi ajoiksi. Kotiutukset my\u00f6s tapahtuvat kasinoilla samaan tapaan, mutta osoitteena on sill\u00e4 kertaa pelaajan lompakon osoite.","photo":2980},{"acf_fc_layout":"content_section_3","anchor_tag":"Kokemuksia","choose_bg":"light","headline":"Kryptolompakko kokemuksia","headline_text":"Tied\u00e4mme kokemuksesta, ett\u00e4 kryptolompakkojen suuri m\u00e4\u00e4r\u00e4 voi aiheuttaa sen, ett\u00e4 on vaikeaa valita sopivaa lompakkoa. Sen vuoksi annammekin kokemuksemme ja tietomme k\u00e4ytt\u00f6\u00f6si. Olemme itse tutkineet kryptolompakoita ja valinneet t\u00e4h\u00e4n oppaaseen muutamia helppok\u00e4ytt\u00f6isimmist\u00e4 ja turvallisimmista. N\u00e4iden lompakoiden k\u00e4ytt\u00e4minen onnistuu helposti aloittelijoilta, mutta ne sopivat loistavasti my\u00f6s kokeneemmille k\u00e4ytt\u00e4jille.\r\n\r\nKokemuksemme mukaan erilaiset online-lompakot \u2013 ja etenkin suomenkieliset sellaiset \u2013 ovat kaikista helpoin tapa aloittaa kryptovaluutan k\u00e4ytt\u00e4minen. Etenkin suomalaisen palvelun valitsemalla voi my\u00f6s olla varma palvelun korkeasta turvatasosta ja laadusta, sill\u00e4 Suomessa on tunnetusti tiukat lait ja s\u00e4\u00e4nn\u00f6t raha-asioita koskien.\r\n\r\nKokemuksemme mukaan kryptolompakon k\u00e4ytt\u00e4minen kasinoilla on \u00e4\u00e4rimm\u00e4isen helppoa. Se on jopa helpompi, yksinkertaisempi ja nopeampi maksutapa kuin moni fiat-valuuttoja tukeva maksutapa kasinoilla. Vaikeinta aloittelijoille onkin usein <a href=\"https:\/\/cryptogamblers.com\/fi\/kryptovaluutat-nettikasinoilla\/\">kryptovaluuttojen perusasioiden<\/a> opetteleminen sek\u00e4 valuutan ostaminen. Tosin nek\u00e4\u00e4n eiv\u00e4t ole niin vaikeita asioita kuin monet luulevat. Me olemmekin tehneet t\u00e4m\u00e4n kaiken sinulle helpoksi, sill\u00e4 jaamme t\u00e4ll\u00e4 sivustolla oppaita, joiden avulla niin krypto- kuin kasino-aloittelijatkin p\u00e4\u00e4sev\u00e4t alkuun nopeasti.","text_area":"","text_area_2":""},{"acf_fc_layout":"steps_module","anchor_tag":"Kuinka voi hankkia kryptolompakon?\u00a0","headline_text":"<h2>Kuinka voi hankkia kryptolompakon?<\/h2>\r\nKryptolompakon hankkiminen sujuu helposti, nopeasti ja turvallisesti ohjeidemme avulla. Hanki lompakko itsellesi seuraavalla tavalla:","step":[{"text_area":"Lue t\u00e4m\u00e4 opas, jotta tied\u00e4t, millainen lompakkotyyppi sinulle sopii."},{"text_area":"Vertaile lompakoita ja valitse niist\u00e4 turvallinen ja itsellesi sopivin vaihtoehto. Voit poimia lompakon vaikkapa t\u00e4m\u00e4n oppaan taulukon lompakoista."},{"text_area":"Aloittelijoiden kannattaa suosia tunnettuja, monik\u00e4ytt\u00f6isi\u00e4 ja suomenkielisi\u00e4 palveluita, kuten Coinmotionia."},{"text_area":"Tutustu kryptolompakon ehtoihin ja toimintaan selaamalla palvelun sivustoa. Kukin palvelu tarjoaa yleens\u00e4 my\u00f6s asiakaspalvelun, jonne voit tarvittaessa ottaa yhteytt\u00e4."},{"text_area":"Rekister\u00f6i itsellesi lompakko palvelun ohjeiden mukaan. Voit joutua my\u00f6s vahvistamaan henkil\u00f6llisyytesi."},{"text_area":"Lompakon tyypist\u00e4 riippuen voit my\u00f6s joutua lataamaan sovelluksen, tekem\u00e4\u00e4n tietyll\u00e4 sivustolla \u2013 kuten vaikkapa BitAddress-sivustolla \u2013 paperilompakon tai tilaamaan fyysisen laitteen."},{"text_area":"T\u00e4m\u00e4n j\u00e4lkeen voit siirt\u00e4\u00e4 lompakkoosi esimerkiksi kauppasivustolta ostamaasi valuuttaa. Se tapahtuu usein oman lompakon vastaanotto-osoitteen avulla. Sy\u00f6t\u00e4 t\u00e4m\u00e4 osoite rahaa siirrett\u00e4ess\u00e4 pyydettyyn kentt\u00e4\u00e4n ja vahvista siirto."},{"text_area":"Kryptovaluuttasiirrot siirtyv\u00e4t lompakkoon yleens\u00e4 hyvin nopeasti \u2013 jopa minuuteissa."}]},{"acf_fc_layout":"content_section_3","anchor_tag":"Kryptolompakoiden laillisuus Suomessa","choose_bg":"light","headline":"Kryptolompakoiden laillisuus Suomessa","headline_text":"Aloittelijoita saattaa mietitytt\u00e4\u00e4 kryptolompakoiden ja ylip\u00e4\u00e4t\u00e4\u00e4n kryptovaluuttojen laillisuus Suomessa. Kummatkaan eiv\u00e4t ole Suomessa laittomia, kuten ei my\u00f6sk\u00e4\u00e4n kryptolompakosta tallettaminen ulkomaisille kasinoille.\r\n\r\nKryptolompakkoa voi siis k\u00e4ytt\u00e4\u00e4 aivan huoletta, mutta er\u00e4s t\u00e4rke\u00e4 asia on otettava huomioon; virtuaalivaluuttojen verotus. Ota huomioon, ett\u00e4 virtuaalivaluutan, eli kryptovaluutan, k\u00e4yt\u00f6st\u00e4 saatu tulo verotetaan p\u00e4\u00e4omatulona. Verotuskiemuroiden vuoksi voitkin joskus joutua maksamaan veroja my\u00f6s sellaiselta kasinolta saadusta voitoista, joka olisi fiat-valuuttojen osalta veroton. Verottomia kasinoita ovat ETA-alueella lisensoidut kasinot. Tutustu siis huolellisesti kryptovaluuttojen verotusasioihin jo ennen kuin aloitat valuutan ja kryptolompakoiden k\u00e4ytt\u00e4misen!","text_area":"","text_area_2":""},{"acf_fc_layout":"licenses_and_regulation_section","anchor_tag":"Vinkit","choose_bg":"light","headline_text":"<h2>Vinkit kryptolompakon k\u00e4ytt\u00f6\u00f6n<\/h2>\r\nSeuraavien vinkkien avulla saat l\u00f6yd\u00e4t itsellesi parhaat kryptolompakot ja saat parhaan mahdollisen kryptolompakkokokemuksen.","licenses":[{"headline":"K\u00e4yt\u00e4 tarvittaessa useita lompakkoja ","logo":11036,"text_area":"Joskus on hyv\u00e4 idea k\u00e4ytt\u00e4\u00e4 useaa eri lompakkoa. Mik\u00e4li sinulla on suuri summaa s\u00e4ilytett\u00e4v\u00e4\u00e4 valuuttaa ja pelaat usein kasinoilla, voi olla hyv\u00e4 idea s\u00e4il\u00f6\u00e4 kasinolle talletettava summa online-lompakkoon ja loput turvallisempaan offline-lompakkoon. Varojen jakaminen useaan lompakkoon voi olla hyv\u00e4 idea my\u00f6s silt\u00e4 varalta, ett\u00e4 tunnuksesi katoavat tai tilisi hakkeroidaan. N\u00e4in et menet\u00e4 kaikkia varojasi kerralla."},{"headline":"Harkitse milloin ostat ja myyt ","logo":8593,"text_area":"Monien kryptovaluuttojen ero vaikkapa euroon on se, ett\u00e4 niiden arvo voi laskea tai nousta nopeasti. Kryptovaluuttoja k\u00e4ytt\u00e4ess\u00e4 kannattaa siis tarkkailla kursseja, jotta osaat ostaa valuuttaa kryptolompakkoosi oikeaan aikaan."},{"headline":"Huolellisuutta my\u00f6s kasinon valinnassa ","logo":8590,"text_area":"Sen lis\u00e4ksi, ett\u00e4 valitset kryptolompakon huolellisesti, on kasinon valinta teht\u00e4v\u00e4 yht\u00e4 huolellisesti. Ep\u00e4luotettavalla ja lisensoimattomalle kasinolle ei pid\u00e4 tallettaa edes turvallisia kryptovaluuttamaksuja k\u00e4ytt\u00e4en. Varmista siis, ett\u00e4 kasinolla on luotettava pelilisenssi, kuten Viron tai Curacaon lisenssit, joita suomenkielisill\u00e4 kryptokasinoilla l\u00e4hinn\u00e4 vain onkin."}]},{"acf_fc_layout":"dropdown_component","anchor_tag":"Usein kysytyt kysymykset ","headline_text":"<h2>Usein kysytyt kysymykset<\/h2>","dropdown":[{"headline":"Mik\u00e4 on kryptolompakko? ","text_area":"Kryptolompakko on s\u00e4ilytyspaikka kryptovaluutoilla. Lompakkoja on erityyppisi\u00e4. Ne voivat olla esimerkiksi joko online- tai offline-lompakkoja. Lompakoista k\u00e4sin maksetaan my\u00f6s kasinoille ja niihin voidaan usein kotiuttaa voitot kasinolta."},{"headline":"Millainen kryptolompakko sopii kasinopelaajille? ","text_area":"Kasinopelaajalle helpoin, nopein ja edullisin ratkaisu on usein nettilompakon tavoin toimiva online-kryptolompakko. Esimerkiksi offline-lompakosta maksaminen netiss\u00e4 on hidasta ja vaivalloista."},{"headline":"Millainen kryptolompakko sopii suomalaisille? ","text_area":"Suomalaisille on tarjolla niin suomalaisia kuin kansainv\u00e4lisi\u00e4kin vaihtoehtoja. Se millainen lompakko sopii kenellekin vaihtelee esimerkiksi kielitaidon, tarpeiden ja maun mukaan. T\u00e4m\u00e4 opas auttaa sinua valitsemaan oikeanlaisen kryptolompakon!"},{"headline":"Onko kryptolompakko turvallinen? ","text_area":"Kryptolompakko on oikein k\u00e4ytettyn\u00e4 turvallinen s\u00e4ilytyspaikka. Eri lompakkojen v\u00e4lill\u00e4 on kuitenkin eroja turvallisuudessa. Etenkin offline-lompakko on eritt\u00e4in turvallinen vaihtoehto, sill\u00e4 t\u00e4llaista hardware-lompakkoa ei tiett\u00e4v\u00e4sti ole koskaan hakkeroitu."},{"headline":"Kuinka avaan kryptolompakon? ","text_area":"Kryptolompakko avataan lompakkoa tarjoavan palvelun sivustolta k\u00e4sin. Lompakon avaus vaatii aina rekister\u00f6itymisen. Osa lompakoista voi my\u00f6s vaatia sovelluksen lataamisen tai fyysisen laitteen tai jopa dokumentin hankkimisen lompakosta riippuen."},{"headline":"Ovatko kryptolompakot ilmaisia? ","text_area":"Kryptolompakot voivat olla ilmaisia, mutta tarjolla on my\u00f6s maksullisia lompakkoja. Etenkin kaikista turvallisimmat offline-lompakot maksavat usein v\u00e4hint\u00e4\u00e4n 100 euroa kun taas online-lompakon voi usein avata ilmaiseksi tai hyvin edullisesti."},{"headline":"Miten valitsen parhaan lompakon? ","text_area":"Parhaan kryptolompakon l\u00f6yd\u00e4t, kun mietit omia tarpeitasi ja valitset lompakon sen mukaan. Kannattaa my\u00f6s valita palvelu, jolla on mahdollisimman hyv\u00e4t turvatoimet. Osa lompakoista tarjoaa my\u00f6s erilaisia lis\u00e4turvatoimintoja k\u00e4ytt\u00e4jilleen."},{"headline":"Voiko kasinoilta kotiuttaa kryptolompakkoon? ","text_area":"Kryptolompakoihin voi my\u00f6s kotiuttaa kasinovoittonsa. Riippuu kuitenkin kasinosta mill\u00e4 kryptovaluutoilla kasinolla voi pelata ja kotiuttaa."}],"text_area":""},{"acf_fc_layout":"content_section_3","anchor_tag":"Yhteenveto","choose_bg":"light","headline":"Yhteenveto: Parhaat kryptolompakot kasinopelaajille","headline_text":"Se, mitk\u00e4 ovat parhaat lompakot kasinopelaajille, vaihtelee siis pitk\u00e4lti sen mukaan, millaista lompakkoa kukin pelaaja tarvitsee. Kasinopelaajille parhaimpia lompakkoja ovat kuitenkin l\u00e4hes aina online-lompakot. Niist\u00e4 k\u00e4sin maksaminen on helppoa ja nopeaa toisin kuin offline-lompakoista.\r\n\r\nOnline-lompakot ovat my\u00f6s oikein k\u00e4ytettyn\u00e4 turvallisia, joten ne sopivat kohtuullisen suuren summan s\u00e4ilytt\u00e4miseen. Esimerkiksi valtavan kasinopotin voittaessaan kannattaa kuitenkin harkita summan siirt\u00e4mist\u00e4 turvallisempaan offline-lompakkoon.\r\n\r\nVertaile huolellisesti eri lompakoita, jotta l\u00f6yd\u00e4t itsellesi mahdollisimman sopivan ja turvallisen lompakon. Muista my\u00f6s tarkastaa, ett\u00e4 kyseinen lompakko tukee k\u00e4ytt\u00e4m\u00e4\u00e4si kryptovaluuttaa. Kun olet valinnut ja ottanut k\u00e4ytt\u00f6\u00f6n sopivan lompakon, muista tutustua my\u00f6s sivustomme muihin oppaisiin. Niiden avulla kryptovaluuttakasinoilla pelaaminen sujuu mukavalla ja helpolla tavalla!","text_area":"","text_area_2":""}]},"_links":{"self":[{"href":"https:\/\/cryptogamblers.com\/fi\/wp-json\/wp\/v2\/pages\/9004"}],"collection":[{"href":"https:\/\/cryptogamblers.com\/fi\/wp-json\/wp\/v2\/pages"}],"about":[{"href":"https:\/\/cryptogamblers.com\/fi\/wp-json\/wp\/v2\/types\/page"}],"author":[{"embeddable":true,"href":"https:\/\/cryptogamblers.com\/fi\/wp-json\/wp\/v2\/users\/48"}],"replies":[{"embeddable":true,"href":"https:\/\/cryptogamblers.com\/fi\/wp-json\/wp\/v2\/comments?post=9004"}],"version-history":[{"count":6,"href":"https:\/\/cryptogamblers.com\/fi\/wp-json\/wp\/v2\/pages\/9004\/revisions"}],"predecessor-version":[{"id":11047,"href":"https:\/\/cryptogamblers.com\/fi\/wp-json\/wp\/v2\/pages\/9004\/revisions\/11047"}],"wp:featuredmedia":[{"embeddable":true,"href":"https:\/\/cryptogamblers.com\/fi\/wp-json\/wp\/v2\/media\/10924"}],"wp:attachment":[{"href":"https:\/\/cryptogamblers.com\/fi\/wp-json\/wp\/v2\/media?parent=9004"}],"curies":[{"name":"wp","href":"https:\/\/api.w.org\/{rel}","templated":true}]}}