{"id":9656,"date":"2022-10-12T08:17:48","date_gmt":"2022-10-12T08:17:48","guid":{"rendered":"https:\/\/cryptogamblers.com\/?page_id=9656"},"modified":"2023-05-12T14:36:36","modified_gmt":"2023-05-12T14:36:36","slug":"kryptovaluutat-nettikasinoilla","status":"publish","type":"page","link":"https:\/\/cryptogamblers.com\/fi\/kryptovaluutat-nettikasinoilla\/","title":{"rendered":"Kryptovaluutat nettikasinoilla &#8211; parhaat kryptot pelaamiseen"},"content":{"rendered":"<p>Kryptovaluutat nettikasinoilla on viel\u00e4 suhteellisen tuore ilmi\u00f6, mutta ne ovat kovaa vauhtia yleistym\u00e4ss\u00e4. Nyky\u00e4\u00e4n pelaajat voivat valita useista eri vaihtoehdoista itselleen parhaiten sopivan krypton, jolla tekee talletuksen nettikasinolle. Kryptokasinot muistuttavat pitk\u00e4lti tavallisen rahan kasinoita. Niill\u00e4 ei ole oikeastaan muita eroja kuin se, mink\u00e4laista valuuttaa kryptokasinoilla voi k\u00e4ytt\u00e4\u00e4. Jos olet kiinnostunut pelaamaan nettikasinoilla kryptoilla, kerromme t\u00e4ss\u00e4 artikkelissa, mit\u00e4 eri kryptovaluutoissa tulee ottaa huomioon.<\/p>\n","protected":false},"excerpt":{"rendered":"<p>Kryptovaluutat nettikasinoilla on viel\u00e4 suhteellisen tuore ilmi\u00f6, mutta ne ovat kovaa vauhtia yleistym\u00e4ss\u00e4. Nyky\u00e4\u00e4n pelaajat voivat valita useista eri vaihtoehdoista itselleen parhaiten sopivan krypton, jolla tekee talletuksen nettikasinolle. Kryptokasinot muistuttavat pitk\u00e4lti tavallisen rahan kasinoita. Niill\u00e4 ei ole oikeastaan muita eroja kuin se, mink\u00e4laista valuuttaa kryptokasinoilla voi k\u00e4ytt\u00e4\u00e4. Jos olet kiinnostunut pelaamaan nettikasinoilla kryptoilla, kerromme t\u00e4ss\u00e4 [&hellip;]<\/p>\n","protected":false},"author":48,"featured_media":10596,"parent":0,"menu_order":0,"comment_status":"closed","ping_status":"closed","template":"","meta":{"_acf_changed":false,"footnotes":""},"class_list":["post-9656","page","type-page","status-publish","has-post-thumbnail","hentry"],"acf":{"main_content":[{"acf_fc_layout":"top_list_table","anchor_tag":"Parhaat online krypto kasinot","dyn_pop_test":"archive_pure","dyn_pop_oneliners":"oneliner","choose_layout":"vertical","top_list_count":10,"headline_text":"<h2>Parhaat online krypto kasinot<\/h2>","anable_background":"no","anable_logos":"yes"},{"acf_fc_layout":"content_section_2","anchor_tag":"Kryptovaluutat nettikasinoilla esittelyss\u00e4","text_area":"<h2>Kryptovaluutat nettikasinoilla esittelyss\u00e4<\/h2>\r\n<img class=\"alignleft wp-image-10942 size-medium\" src=\"https:\/\/cryptogamblers.com\/wp-content\/uploads\/2022\/10\/crypto-gambling-300x178.jpg\" alt=\"Kryptovaluutat nettikasinoilla\" width=\"300\" height=\"178\" \/>Kryptovaluuttojen k\u00e4ytt\u00e4minen nettikasinoilla on suhteellisen samanlaista kuin silloin, kun pelaa esimerkiksi euroilla. Suurin ero perinteisiin kasinoihin verrattuna on se, ett\u00e4 pelaajan tulee tehd\u00e4 talletus kryptojen avulla.\r\n\r\nJotta pelaaja voi aloittaa pelaamisen kryptovaluutoilla, h\u00e4nell\u00e4 tulee tietysti olla niit\u00e4 omassa <a href=\"https:\/\/cryptogamblers.com\/fi\/kryptolompakot\/\">kryptolompakossa<\/a>. Verkosta on l\u00f6ydett\u00e4viss\u00e4 useita kryptovaluuttoihin keskittyneit\u00e4 sivustoja, joissa voi sek\u00e4 myyd\u00e4 ett\u00e4 ostaa kryptoja. Kun pelaaja hankkii itselleen kryptoja, niit\u00e4 pit\u00e4\u00e4 s\u00e4ilytt\u00e4\u00e4 niille varatussa nettilompakossa.\r\n\r\nPelaamisen aloittaminen tapahtuu siten, ett\u00e4 pelaajan tulee tehd\u00e4 aluksi pelitili kryptokasinolle. Rekister\u00f6ityminen tapahtuu s\u00e4hk\u00f6postin avulla, sill\u00e4 kryptokasinot eiv\u00e4t tue nopeaa rekister\u00f6itymist\u00e4. T\u00e4m\u00e4n j\u00e4lkeen pelaaja voi tehd\u00e4 rahansiirtoja kasinolle oman kryptolompakon avulla. Kun rahansiirto on tehty, pelaamisen voi aloittaa."},{"acf_fc_layout":"content_section_3","anchor_tag":"Kryptovaluutat VS tavallisesta valuutasta","choose_bg":"light","headline":"Miten kryptovaluutat nettikasinoilla eroavat tavallisesta valuutasta?","headline_text":"Keskeisin ero tavallisen rahan ja kryptojen v\u00e4lill\u00e4 on se, ett\u00e4 kryptoja k\u00e4ytet\u00e4\u00e4n vain verkossa. Lis\u00e4ksi niiden arvo vaihtelee suuresti, mik\u00e4 on varmasti tullut tutuksi uutisotsikoita seuraamalla. T\u00e4m\u00e4 onkin yksi syy, miksi monet tekev\u00e4t sijoituksia kryptovaluuttoihin. Parhaimmillaan voitot saattavat olla todella suuria, sill\u00e4 kryptojen arvot saattavat raketoida lyhyess\u00e4kin ajassa.","text_area":"Kryptoja ei voi my\u00f6sk\u00e4\u00e4n k\u00e4ytt\u00e4\u00e4 perinteisten maksupalveluiden kanssa. T\u00e4h\u00e4n on kuitenkin tulossa muutoksia, sill\u00e4 monet fiat-rahaan keskittyneet palvelut ovat lis\u00e4\u00e4m\u00e4ss\u00e4 kryptot heid\u00e4n palveluihinsa. Kryptovaluuttojen rahansiirrot tehd\u00e4\u00e4n kryptolompakon avulla, joten pelaajalla tulee olla sellainen k\u00e4yt\u00f6ss\u00e4\u00e4n.","text_area_2":"Muutoin kryptot ja niiden k\u00e4ytt\u00e4minen on hyvin samanlaista kuin tavallisen rahan. Jokaisella kryptolla on tietty arvo euroissa, jolloin pelaajan on helppo m\u00e4\u00e4ritell\u00e4, kuinka suurella raham\u00e4\u00e4r\u00e4ll\u00e4 h\u00e4n haluaa pelata. Nettikasinot ovat pyrkineet tarjoamaan palvelunsa siten, ett\u00e4 niit\u00e4 olisi helppo k\u00e4ytt\u00e4\u00e4 my\u00f6s kryptovaluutoilla."},{"acf_fc_layout":"licenses_and_regulation_section","anchor_tag":"Mit\u00e4 kryptoja pelaajat voivat k\u00e4ytt\u00e4\u00e4?","choose_bg":"light","headline_text":"<h2>Kryptovaluutat kasinoilla \u2013 mit\u00e4 kryptoja pelaajat voivat k\u00e4ytt\u00e4\u00e4?<\/h2>\r\n<a href=\"https:\/\/cryptogamblers.com\/fi\/kryptokasinot\/\">Kryptokasinot<\/a> tukevat kryptovaluuttoja varsin monipuolisesti. Kaikki suosituimmat kryptot ovat l\u00e4hes poikkeuksetta tuettuina eri kasinoilla. T\u00e4m\u00e4 tietysti helpottaa pelaajien el\u00e4m\u00e4\u00e4, sill\u00e4 rahansiirrot onnistuvat helpommin silloin, kun niit\u00e4 tuetaan laajasti.\r\n\r\nK\u00e4ytetyin kryptovaluutta nettikasinoilla on tietysti bitcoin, joka on muutoinkin t\u00e4ll\u00e4 hetkell\u00e4 merkitt\u00e4vin krypto. Muita paljon k\u00e4ytettyj\u00e4 kryptovaluuttoja ovat ethereum, litecoin, dogecoin sek\u00e4 bitcoin cash. On kuitenkin t\u00e4rke\u00e4\u00e4 huomata, ett\u00e4 kasinot pyrkiv\u00e4t jatkuvasti lis\u00e4\u00e4m\u00e4\u00e4n uusia kryptovaluuttoja omaan valikoimaansa.\r\n\r\nKun talletuksen yhteydess\u00e4 on valitsemassa kryptoja, on hyv\u00e4 tarkistaa se, kuuluuko kyseisen krypton siirt\u00e4miseen ylim\u00e4\u00e4r\u00e4isi\u00e4 kuluja. Osa kasinoista tarjoaa siirrot ilmaiseksi, mik\u00e4 on plussaa pelaajan kannalta. Lis\u00e4ksi eri kryptojen minimi- ja maksimitalletus m\u00e4\u00e4r\u00e4t saattavat vaihdella, joten sekin on hyv\u00e4 tarkistaa.\r\n<h3>Pelaajat voivat k\u00e4ytt\u00e4\u00e4 muun muassa n\u00e4it\u00e4 kryptovaluuttoja nettikasinoilla:<\/h3>","licenses":[{"headline":"","logo":2906,"text_area":"<a href=\"https:\/\/cryptogamblers.com\/fi\/kryptovaluutat-nettikasinoilla\/bitcoin\/\">Bitcoin<\/a>"},{"headline":"","logo":2908,"text_area":"<a href=\"https:\/\/cryptogamblers.com\/fi\/kryptovaluutat-nettikasinoilla\/cardano-kasinot\/\">Cardano<\/a>"},{"headline":"","logo":2900,"text_area":"<a href=\"https:\/\/cryptogamblers.com\/fi\/kryptovaluutat-nettikasinoilla\/ethereum\/\">Ethereum<\/a>"},{"headline":"","logo":2904,"text_area":"<a href=\"https:\/\/cryptogamblers.com\/fi\/kryptovaluutat-nettikasinoilla\/ripple-kasinot\/\">Ripple<\/a>"},{"headline":"","logo":3096,"text_area":"<a href=\"https:\/\/cryptogamblers.com\/fi\/kryptovaluutat-nettikasinoilla\/dogecoin-kasinot\/\">Dogecoin<\/a>"},{"headline":"","logo":2902,"text_area":"Litecoin"}]},{"acf_fc_layout":"logo_carousel","anchor_tag":"Kryptovaluutoilla lunastaa bonuksia kasinoilta","headline_text":"<h2>Onko kryptovaluutoilla mahdollista lunastaa bonuksia kasinoilta?<\/h2>\r\nKryptovaluutoilla nettikasinoilla voi lunastaa bonuksia aivan samalla tavalla kuin fiat-rahalla. Itse asiassa monet kryptokasinot tarjoavat bonusrahaa todella suuria m\u00e4\u00e4ri\u00e4 silloin, kun bonuksen lunastaa kryptoilla. Monet tarjoukset liikkuvat useissa tuhansissa euroissa, joten krypto <a href=\"https:\/\/cryptogamblers.com\/fi\/kasinobonukset\/\">kasinobonukset<\/a> sopivat etenkin high roller -pelaajille.\r\n\r\nBonusten lunastaminen kryptoilla tapahtuu siten, ett\u00e4 pelaajan tulee tehd\u00e4 talletus bonusta vastaan. T\u00e4m\u00e4 onkin tuttu bonustyyppi pelaajille, sill\u00e4 suurin osa bonuksista on juuri talletusbonuksia. Yleens\u00e4 kryptokasino tuplaa pelaajan talletuksen, joten pelaamisen voi aloittaa riitt\u00e4v\u00e4n suurella pelikassalla.\r\n\r\nMy\u00f6s muunlaisia bonuksia on mahdollista saada kryptokasinoilta. Niihin kuuluvat esimerkiksi ilmaiskierrokset, k\u00e4teispalautukset sek\u00e4 turnauksista voitettavat rahapalkinnot. Jos pelaat kryptoilla s\u00e4\u00e4nn\u00f6llisesti, silloin on hyv\u00e4 pelata kasinolla, joka antaa bonuksia pelaajille tasaiseen tahtiin.\r\n<h3>Esimerkiksi t\u00e4llaisia bonuksia voi lunastaa kryptovaluutoilla nettikasinoilta:<\/h3>","carousel":[{"image":8424,"text_area":"Talletusbonukset"},{"image":6673,"text_area":"Ilmaiskierrokset"},{"image":8430,"text_area":"K\u00e4teispalautukset"},{"image":8671,"text_area":"Turnausten k\u00e4teispalkinnot"}]},{"acf_fc_layout":"content_section_3","anchor_tag":"Hybridikasinot mahdollistavat talletuksen kaikenlaisilla valuutoilla","choose_bg":"light","headline":"Hybridikasinot mahdollistavat talletuksen kaikenlaisilla valuutoilla","headline_text":"Kun lukee kryptovaluuttoihin liittyvi\u00e4 asioita, usein t\u00f6rm\u00e4\u00e4 termiin <a href=\"https:\/\/cryptogamblers.com\/fi\/kryptot-hyvaksyvat-kasinot\/\">hybridikasino<\/a>. Sill\u00e4 tarkoitetaan sellaisia kryptokasinoita, jotka hyv\u00e4ksyv\u00e4t sek\u00e4 fiat-rahalla ett\u00e4 kryptovaluutoilla teht\u00e4v\u00e4t talletukset.\r\n\r\nHybridikasinot ovat usein sellaisia kasinoita, jotka ovat toimineet alalla jo pidemm\u00e4n aikaa. Kun kryptot ovat alkaneet yleistym\u00e4\u00e4n pelaajien keskuudessa, perinteiset kasinot ovat halunneet l\u00e4hte\u00e4 tukemaan my\u00f6s niit\u00e4. T\u00e4ll\u00f6in hybridikasinot tuovat kryptot perinteisen rahan rinnalle, mik\u00e4 mahdollistaa molemmilla valuutoilla pelaamisen.\r\n\r\nPelaajat voivat n\u00e4in ollen k\u00e4ytt\u00e4\u00e4 kumpaakin valuuttaa. T\u00e4m\u00e4 tuo joustavuutta kasinoiden toimintaan, sill\u00e4 kaikenlaiset pelaajat voivat aloittaa pelaamisen. On my\u00f6s hyv\u00e4 huomata, ett\u00e4 hybridikasinot tarjoavat bonukset ja kaikki muutkin palvelunsa molemmille valuutoille samalla tavalla.","text_area":"","text_area_2":""},{"acf_fc_layout":"steps_module","anchor_tag":"Talletat kryptovaluuttoja kasinoille","headline_text":"<h2>N\u00e4in talletat kryptovaluuttoja kasinoille<\/h2>\r\nTalletusten tekeminen kryptoilla muistuttaa paljon sit\u00e4, miten niit\u00e4 tehd\u00e4\u00e4n my\u00f6s tavallisella rahalla. Pelaajan tulee aluksi kirjautua omalle pelitilille, mink\u00e4 j\u00e4lkeen kryptojen tallettaminen voi alkaa. Mik\u00e4li pelitili\u00e4 ei ole viel\u00e4 olemassa, se pit\u00e4\u00e4 tietenkin ensimm\u00e4isen\u00e4 luoda.\r\n\r\nT\u00e4m\u00e4n j\u00e4lkeen pelaajan valita, mill\u00e4 kryptovaluutalla talletuksen haluaa tehd\u00e4. Kun oikea krypto on valittu, nettikasino antaa pelaajalle verkko-osoitteen, joka linkitt\u00e4\u00e4 maksutapahtuman h\u00e4nen pelitiliins\u00e4. T\u00e4ll\u00e4 tavoin kryptolompakko saa tiedon siit\u00e4, miten transaktio tulee kohdistaa.\r\n\r\nLinkkaamisen j\u00e4lkeen pelaajan tulee sy\u00f6tt\u00e4\u00e4 haluamansa raham\u00e4\u00e4r\u00e4 ja varmistaa rahansiirto. Rahat siirtyv\u00e4t t\u00e4m\u00e4n j\u00e4lkeen l\u00e4hes reaaliajassa, mik\u00e4 mahdollistaa nopean pelaamaan p\u00e4\u00e4syn. Kaiken kaikkiaan rahan siirt\u00e4minen kryptolompakon kautta on l\u00e4hes identtinen esimerkiksi tavallisiin nettilompakoihin verrattuna.\r\n<h3>Kryptovaluutoilla teht\u00e4v\u00e4t talletukset tehd\u00e4\u00e4n seuraavalla tavalla:<\/h3>","step":[{"text_area":"Kirjaudu omalle pelitilillesi"},{"text_area":"Klikkaa Talleta-painiketta"},{"text_area":"Valitse listasta kryptovaluutta, jolla talletuksen haluat tehd\u00e4"},{"text_area":"Liit\u00e4 maksutapahtuma omaan pelitiliisi linkin avulla"},{"text_area":"Varmista rahansiirto oman kryptolompakon kautta"},{"text_area":"Mik\u00e4li kaikki meni oikein, rahat siirtyv\u00e4t pelitilillesi ja pelaamisen voi aloittaa."}]},{"acf_fc_layout":"content_section","anchor_tag":"Siirr\u00e4 kryptovaluuttaa nettikasinolle mobiililaitteiden avulla","headline_text":"<h2>Siirr\u00e4 kryptovaluuttaa nettikasinolle mobiililaitteiden avulla<\/h2>","choose_side":"left","text_area":"Koska kryptovaluutat ovat nimenomaan digitaalista valuuttaa, niit\u00e4 voi k\u00e4ytt\u00e4\u00e4 k\u00e4tev\u00e4sti my\u00f6s mobiililaitteiden avulla. Kryptolompakot on kehitetty siten, ett\u00e4 niiden palvelut on optimoitu my\u00f6s mobiililaitteille. Pelaajat voivat k\u00e4ytt\u00e4\u00e4 kryptoja nettikasinoilla helposti, sill\u00e4 \u00e4lypuhelin kulkeutuu mukana mihin vain.\r\n\r\nKryptojen siirt\u00e4minen nettikasinoilla onnistuu kaikenlaisilla mobiililaitteilla kuten \u00e4lypuhelimella ja tabletilla. Laitteen k\u00e4ytt\u00f6j\u00e4rjestelm\u00e4ll\u00e4 ei ole niink\u00e4\u00e4n merkityst\u00e4, sill\u00e4 palvelut on luotu sek\u00e4 Android- ett\u00e4 iOS-laitteille.\r\n\r\nOn kuitenkin hyv\u00e4 tarkistaa, mit\u00e4 laitteita ja sovelluksia eri kryptolompakot k\u00e4ytt\u00e4\u00e4. Osa niist\u00e4 toimii suoraan verkkoselaimessa, mutta jotkin palvelut ovat saattavat vaatia my\u00f6s mobiilisovelluksen asentamista. Lis\u00e4ksi kryptolompakot toimivat toisinaan my\u00f6s verkkoselaimeen asennettavan lis\u00e4osan kautta.","photo":9668},{"acf_fc_layout":"content_section_2","anchor_tag":"Mit\u00e4 kasinopelej\u00e4 kryptoilla voi pelata?","text_area":"<h2>Kryptovaluutat nettikasinoilla \u2013 mit\u00e4 kasinopelej\u00e4 niill\u00e4 voi pelata?<\/h2>\r\nMoni varmasti miettii sit\u00e4, mink\u00e4laisia kasinopelej\u00e4 kryptoilla voi pelata nettikasinoilla. Hyv\u00e4 uutinen on se, ett\u00e4 varsinkaan parhaiden kryptokasinoiden pelivalikoimat eiv\u00e4t eroa lainkaan tavallisten kasinoiden kasinopeleist\u00e4. N\u00e4in voit l\u00f6yt\u00e4\u00e4 niilt\u00e4 kaikki omat lempipelisi, joita olet kasinoilla tottunut pelaamaan.\r\n\r\nKryptokasinot sis\u00e4lt\u00e4v\u00e4t kolikkopelej\u00e4, livekasinon sek\u00e4 vedonly\u00f6nnin, joten pelattavaa riitt\u00e4\u00e4 todella mukavasti. Pelivalikoimat sis\u00e4lt\u00e4v\u00e4t useita tuhansia kasinopelej\u00e4. T\u00e4lt\u00e4 osin kryptovaluutoilla pelaaminen ei siis eroa mill\u00e4\u00e4n tavalla tavallisella rahalla pelaamisesta.\r\n\r\nKryptokasinoiden pelien palautusprosentti on my\u00f6s samaa luokkaa kuin tavallisilla kasinoilla. N\u00e4in pelaajat p\u00e4\u00e4sev\u00e4t nauttimaan korkean palautusprosentin omaavista kasinopeleist\u00e4 my\u00f6s niill\u00e4. On hyv\u00e4 muistaa tehd\u00e4 vertailua pelien kesken, sill\u00e4 parhaat pelit palauttavat rahaa takaisin kiertoon useita prosenttiyksik\u00f6it\u00e4 enemm\u00e4n kuin huonot kasinopelit."},{"acf_fc_layout":"content_section_3","anchor_tag":"Milt\u00e4 kryptovaluutat nettikasinoilla n\u00e4ytt\u00e4v\u00e4t tulevaisuudessa?","choose_bg":"light","headline":"Milt\u00e4 kryptovaluutat nettikasinoilla n\u00e4ytt\u00e4v\u00e4t tulevaisuudessa?","headline_text":"Tulevaisuuden kannalta kryptovaluuttojen k\u00e4ytt\u00e4minen nettikasinolla n\u00e4ytt\u00e4\u00e4 eritt\u00e4in hyv\u00e4lt\u00e4. T\u00e4ll\u00e4 hetkell\u00e4 el\u00e4mme voimakasta nousukautta, sill\u00e4 uusia kryptokasinoita tulee markkinoille jatkuvasti. Pelaajille on my\u00f6s tarjolla lukuisia jo useita vuosia py\u00f6rineit\u00e4 kryptokasinoita, joten tarjonta on monipuolista ja laadukasta.","text_area":"Kryptoissa on hyv\u00e4 huomata se, ett\u00e4 digitaaliset valuutat valtaavat jatkuvasti alaa my\u00f6s valtioiden ja pankkien keskuudessa. Siirtym\u00e4 tulee toki kest\u00e4m\u00e4\u00e4n viel\u00e4 useita vuosia, mutta t\u00e4ll\u00e4 hetkell\u00e4 se on jo kovassa vauhdissa. Tulevaisuudessa tulemme n\u00e4kem\u00e4\u00e4n my\u00f6s muunlaisia digitaalisia valuuttoja. Ne tulevat monipuolistamaan kasinoiden maksuvalikoimaa entisest\u00e4\u00e4n.","text_area_2":"Tavallinen raha tulee varmasti pit\u00e4m\u00e4\u00e4n pintansa viel\u00e4 pitk\u00e4lle tulevaisuuteen. N\u00e4in ollen on todenn\u00e4k\u00f6ist\u00e4, ett\u00e4 hybridikasinot yleistyv\u00e4t hiljalleen. Kun kryptokasinoiden markkinat kasvavat, monet vanhat kasinot alkavat varmasti tukemaan my\u00f6s kryptoja rahansiirroissa. T\u00e4m\u00e4 on hyv\u00e4 asia pelaajan kannalta, koska pelaaminen onnistuu hyvin monenlaisilla maksutavoilla."},{"acf_fc_layout":"content_section_2","anchor_tag":"Yhteenveto","text_area":"<h2>Yhteenveto<\/h2>\r\nKryptovaluutat nettikasinoilla yleistyv\u00e4t nopeasti ja t\u00e4ll\u00e4 hetkell\u00e4 vaikuttaa silt\u00e4, ett\u00e4 ne ovat tulossa tavallisen rahan rinnalle kasinoilla. T\u00e4m\u00e4 on pelaajien kannalta hyv\u00e4 asia, koska monipuoliset maksupalvelut palvelevat paremmin erilaisia pelaajia. Kryptoilla pelaaminen on helppo ja k\u00e4tev\u00e4\u00e4 varsinkin silloin, jos on jo muutoinkin tutustunut kryptovaluuttojen ihmeelliseen maailmaan.\r\n\r\nKryptojen k\u00e4ytt\u00e4minen kasinolla on mielenkiintoista my\u00f6s senkin puolesta, ett\u00e4 niiden avulla voi lunastaa todella mittavia bonuksia. Suurimmat tarjoukset nousevat jopa yli 100 000 euron riippuen tietysti aina siit\u00e4, mik\u00e4 on krypton sen hetkinen arvo. Koska kryptojen arvot vaihtelevat paljon, tilanne el\u00e4\u00e4 jatkuvasti.\r\n\r\nMik\u00e4li haluat olla mukana kehityksess\u00e4 ja kurkistaa tulevaisuuteen, kryptovaluutoilla pelaaminen on kokeilemisen arvoista. Kryptolompakon luominen on suhteellisen helppoa, vaikka siihen liittyy tietysti hieman opeteltavaa. Kryptoja voi kuitenkin ostaa my\u00f6s pienell\u00e4 rahalla, jolloin riskit eiv\u00e4t kasva kovinkaan suuriksi."},{"acf_fc_layout":"dropdown_component","anchor_tag":"UKK","headline_text":"<h2>UKK<\/h2>","dropdown":[{"headline":"Miten kryptovaluuttoja nettikasinoilla voi k\u00e4ytt\u00e4\u00e4?","text_area":"Kasinoilla voi k\u00e4ytt\u00e4\u00e4 monia eri kryptovaluuttoja. Suosituimmat kryptot ovat bitcoin, ethereum, dogecoin ja litecoin, joita tuetaan l\u00e4hes jokaisella nettikasinolla."},{"headline":"Pit\u00e4\u00e4k\u00f6 minulla olla kryptolompakko, jos haluan pelata kryptovaluutoilla kasinoilla?","text_area":"Kyll\u00e4 pit\u00e4\u00e4, sill\u00e4 muutoin kryptoja ei voi siirt\u00e4\u00e4 kasinolla. Lis\u00e4ksi kryptot vaativat oman lompakon, koska niit\u00e4 ei voi muutoin omistaa."},{"headline":"Voinko lunastaa bonuksia kryptovaluutoilla nettikasinoilta?","text_area":"Kryptokasinot tarjoavat bonuksia aivan samalla tavalla kuin tavalliset kasinot. Itse asiassa kryptokasinoilla bonukset ovat usein todella suuria, joten bonusrahaa on jaossa useita tuhansia euroja."},{"headline":"Onko kryptojen k\u00e4ytt\u00e4minen nettikasinoilla turvallista?","text_area":"Pelaajan kannattaa aina tarkistaa, ett\u00e4 kasinolla on varmasti virallinen kasinolisenssi. Lis\u00e4ksi on hyv\u00e4 muistaa, ett\u00e4 kryptolompakon salasanaa ei pid\u00e4 koskaan luovuttaa ulkopuolisille."},{"headline":"Mit\u00e4 pelej\u00e4 kryptovaluutoilla voi pelata nettikasinoilla?","text_area":"Kryptokasinoiden pelivalikoimat ovat laajoja ja monipuolisia. Parhailla kasinoilla on tarjota samat pelit kuin tavallisilla nettikasinoilla, joten kaikki suosituimmat pelit on pelattavissa my\u00f6s kryptokasinoilla."},{"headline":"Mink\u00e4laisia maksutapoja kryptokasinoilla on?","text_area":"Yleens\u00e4 rahansiirrot tapahtuvat kryptolompakoiden kautta, joten pelaajalla tulee olla sellainen, mik\u00e4li h\u00e4n haluaa pelata kryptokasinolla. On olemassa my\u00f6s hybridikasinoita, joilla voi tehd\u00e4 talletuksia sek\u00e4 euroilla ett\u00e4 kryptoilla."},{"headline":"Voiko suomalaiset pelaajat k\u00e4ytt\u00e4\u00e4 kryptoja kasinoilla?","text_area":"Kyll\u00e4 voi. Suomalaiset pelaajat saavat pelata t\u00e4ysin laillisesti my\u00f6s kryptokasinoilla. Suomen arpajaislaki ei kiell\u00e4 suomalaisten pelaamista ulkomaalaisilla nettikasinoilla."},{"headline":"Onko kryptovaluutat nettikasinoilla k\u00e4ytett\u00e4viss\u00e4 mobiililaitteilla?","text_area":"Mobiililaitteet soveltuvat erinomaisesti pelaamiseen, sill\u00e4 nykyaikaiset \u00e4lypuhelimet ja tabletit ovat riitt\u00e4v\u00e4n tehokkaita kryptokasinoilla k\u00e4ytett\u00e4v\u00e4ksi."}],"text_area":""}]},"_links":{"self":[{"href":"https:\/\/cryptogamblers.com\/fi\/wp-json\/wp\/v2\/pages\/9656"}],"collection":[{"href":"https:\/\/cryptogamblers.com\/fi\/wp-json\/wp\/v2\/pages"}],"about":[{"href":"https:\/\/cryptogamblers.com\/fi\/wp-json\/wp\/v2\/types\/page"}],"author":[{"embeddable":true,"href":"https:\/\/cryptogamblers.com\/fi\/wp-json\/wp\/v2\/users\/48"}],"replies":[{"embeddable":true,"href":"https:\/\/cryptogamblers.com\/fi\/wp-json\/wp\/v2\/comments?post=9656"}],"version-history":[{"count":8,"href":"https:\/\/cryptogamblers.com\/fi\/wp-json\/wp\/v2\/pages\/9656\/revisions"}],"predecessor-version":[{"id":12938,"href":"https:\/\/cryptogamblers.com\/fi\/wp-json\/wp\/v2\/pages\/9656\/revisions\/12938"}],"wp:featuredmedia":[{"embeddable":true,"href":"https:\/\/cryptogamblers.com\/fi\/wp-json\/wp\/v2\/media\/10596"}],"wp:attachment":[{"href":"https:\/\/cryptogamblers.com\/fi\/wp-json\/wp\/v2\/media?parent=9656"}],"curies":[{"name":"wp","href":"https:\/\/api.w.org\/{rel}","templated":true}]}}